{"id":10558,"date":"2025-02-19T20:49:27","date_gmt":"2025-02-19T20:49:27","guid":{"rendered":"https:\/\/sohnmontreal.org\/news\/"},"modified":"2026-01-29T20:52:10","modified_gmt":"2026-01-29T20:52:10","slug":"actualites","status":"publish","type":"page","link":"https:\/\/sohnmontreal.org\/fr\/actualites\/","title":{"rendered":"Actualit\u00e9s"},"content":{"rendered":"\t\t<div data-elementor-type=\"wp-page\" data-elementor-id=\"10558\" class=\"elementor elementor-10558 elementor-9810\" data-elementor-post-type=\"page\">\n\t\t\t\t\t\t<section class=\"elementor-section elementor-top-section elementor-element elementor-element-8666ca6 elementor-section-boxed elementor-section-height-default elementor-section-height-default\" data-id=\"8666ca6\" data-element_type=\"section\">\n\t\t\t\t\t\t<div class=\"elementor-container elementor-column-gap-default\">\n\t\t\t\t\t<div class=\"elementor-column elementor-col-100 elementor-top-column elementor-element elementor-element-b00eb5f\" data-id=\"b00eb5f\" data-element_type=\"column\">\n\t\t\t<div class=\"elementor-widget-wrap elementor-element-populated\">\n\t\t\t\t\t\t<section class=\"elementor-section elementor-inner-section elementor-element elementor-element-9b57155 animated-slow elementor-section-boxed elementor-section-height-default elementor-section-height-default elementor-invisible\" data-id=\"9b57155\" data-element_type=\"section\" data-settings=\"{&quot;animation&quot;:&quot;fadeInUp&quot;}\">\n\t\t\t\t\t\t<div class=\"elementor-container elementor-column-gap-default\">\n\t\t\t\t\t<div class=\"elementor-column elementor-col-100 elementor-inner-column elementor-element elementor-element-425de8d\" data-id=\"425de8d\" data-element_type=\"column\">\n\t\t\t<div class=\"elementor-widget-wrap elementor-element-populated\">\n\t\t\t\t\t\t<div class=\"elementor-element elementor-element-79d1c74 elementor-widget__width-initial elementor-widget elementor-widget-elementskit-heading\" data-id=\"79d1c74\" data-element_type=\"widget\" data-settings=\"{&quot;ekit_we_effect_on&quot;:&quot;none&quot;}\" data-widget_type=\"elementskit-heading.default\">\n\t\t\t\t<div class=\"elementor-widget-container\">\n\t\t\t\t\t<div class=\"ekit-wid-con\" ><div class=\"ekit-heading elementskit-section-title-wraper text_center   ekit_heading_tablet-   ekit_heading_mobile-text_left\"><h3 class=\"ekit-heading--title elementskit-section-title \">Salle de presse<\/h3><\/div><\/div>\t\t\t\t<\/div>\n\t\t\t\t<\/div>\n\t\t\t\t<div class=\"elementor-element elementor-element-c23753f elementor-widget__width-inherit elementor-absolute elementor-hidden-phone elementor-hidden-tablet elementor-widget elementor-widget-elementskit-heading\" data-id=\"c23753f\" data-element_type=\"widget\" data-settings=\"{&quot;ekit_we_effect_on&quot;:&quot;onscroll&quot;,&quot;ekit_we_scroll_animation_value&quot;:&quot;-50&quot;,&quot;_position&quot;:&quot;absolute&quot;,&quot;ekit_we_on_test_mode&quot;:&quot;on&quot;,&quot;ekit_we_scroll_animation&quot;:&quot;translateY&quot;,&quot;ekit_we_scroll_smoothness&quot;:700,&quot;ekit_we_scroll_offsettop&quot;:0,&quot;ekit_we_scroll_offsetbottom&quot;:0}\" data-widget_type=\"elementskit-heading.default\">\n\t\t\t\t<div class=\"elementor-widget-container\">\n\t\t\t\t\t<div class=\"ekit-wid-con\" ><div class=\"ekit-heading elementskit-section-title-wraper text_center   ekit_heading_tablet-   ekit_heading_mobile-\"><h2 class=\"ekit-heading--title elementskit-section-title \">actualit\u00e9s<\/h2><\/div><\/div>\t\t\t\t<\/div>\n\t\t\t\t<\/div>\n\t\t\t\t\t<\/div>\n\t\t<\/div>\n\t\t\t\t\t<\/div>\n\t\t<\/section>\n\t\t\t\t<section class=\"elementor-section elementor-inner-section elementor-element elementor-element-6721f7f elementor-section-boxed elementor-section-height-default elementor-section-height-default\" data-id=\"6721f7f\" data-element_type=\"section\">\n\t\t\t\t\t\t<div class=\"elementor-container elementor-column-gap-default\">\n\t\t\t\t\t<div class=\"elementor-column elementor-col-100 elementor-inner-column elementor-element elementor-element-671ba14\" data-id=\"671ba14\" data-element_type=\"column\">\n\t\t\t<div class=\"elementor-widget-wrap elementor-element-populated\">\n\t\t\t\t\t\t<div class=\"elementor-element elementor-element-f93f93f general_accordian elementor-widget elementor-widget-elementskit-accordion\" data-id=\"f93f93f\" data-element_type=\"widget\" data-settings=\"{&quot;ekit_we_effect_on&quot;:&quot;none&quot;}\" data-widget_type=\"elementskit-accordion.default\">\n\t\t\t\t<div class=\"elementor-widget-container\">\n\t\t\t\t\t<div class=\"ekit-wid-con\" >\n        <div class=\"elementskit-accordion accordion-4\" id=\"accordion-69e86cb87456f\">\n\n            \n                <div class=\"elementskit-card \">\n                    <div class=\"elementskit-card-header\" id=\"primaryHeading-0-f93f93f\">\n                        <a href=\"#collapse-09ad3b769e86cb87456f\" class=\"ekit-accordion--toggler elementskit-btn-link collapsed\" data-ekit-toggle=\"collapse\" data-target=\"#Collapse-09ad3b769e86cb87456f\" aria-expanded=\"false\" aria-controls=\"Collapse-09ad3b769e86cb87456f\">\n                                                            <div class=\"ekit_accordion_icon_left_group\">\n                                    <div class=\"ekit_accordion_normal_icon\">\n                                        <!-- Normal Icon -->\n                                        <i class=\"icon icon-plus\"><\/i>                                    <\/div>\n\n                                    <div class=\"ekit_accordion_active_icon\">\n                                        <!-- Active Icon -->\n\t\t\t\t\t\t\t\t\t\t<i class=\"icon icon-minus\"><\/i>                                    <\/div>\n                                <\/div>\n\n                            \n                            <span class=\"ekit-accordion-title\">Sohn Montr\u00e9al annonce la mise en vente des billets et la liste des conf\u00e9renciers pour sa deuxi\u00e8me Conf\u00e9rence annuelle d\u2019Investissement Sohn Montr\u00e9al qui se tiendra le 4 juin<\/span>\n\n                            \n                                                    <\/a>\n                    <\/div>\n\n                    <div id=\"Collapse-09ad3b769e86cb87456f\" class=\" collapse\" aria-labelledby=\"primaryHeading-0-f93f93f\" data-parent=\"#accordion-69e86cb87456f\">\n\n                        <div class=\"elementskit-card-body ekit-accordion--content\">\n                            le 23 janvier 2026\n\n<p>Le deuxi\u00e8me \u00e9v\u00e9nement annuel r\u00e9unit \u00e0 Montr\u00e9al des investisseurs mondiaux de premier plan afin de soutenir les h\u00f4pitaux p\u00e9diatriques<\/p>\n\n<p>MONTR\u00c9AL--(BUSINESS WIRE)--La deuxi\u00e8me Conf\u00e9rence annuelle d\u2019Investissement Sohn Montr\u00e9al, pr\u00e9sent\u00e9e par Converium Capital et Richter en association avec la Banque Nationale du Canada, est de retour \u00e0 Montr\u00e9al le 4 juin 2026. L\u2019\u00e9v\u00e9nement r\u00e9unira des investisseurs mondiaux de premier plan dans le cadre d\u2019une conf\u00e9rence d\u2019une journ\u00e9e, et les billets sont maintenant officiellement en vente.<\/p>\n\n\n<div class=\"elementor-container elementor-column-gap-default\">\n<div class=\"elementor-column elementor-col-100 elementor-inner-column elementor-element elementor-element-e592f02\">\n<div class=\"elementor-widget-wrap elementor-element-populated\">\n<div class=\"elementor-element elementor-element-383f71f elementor-widget elementor-widget-elementskit-button\">\n<div class=\"elementor-widget-container\">\n<div class=\"ekit-wid-con\">\n<div class=\"ekit-btn-wraper\"><a class=\"elementskit-btn xs-btn whitespace--normal\" href=\"https:\/\/www.businesswire.com\/news\/home\/20260122573496\/fr\" target=\"_blank\" rel=\"noopener\">lire l'article complet <\/a><\/div>\n<\/div>\n<\/div>\n<\/div>\n<\/div>\n<\/div>\n<\/div>\n                        <\/div>\n\n                    <\/div>\n\n                <\/div><!-- .elementskit-card END -->\n\n                                        <\/div>\n    <\/div>\t\t\t\t<\/div>\n\t\t\t\t<\/div>\n\t\t\t\t\t<\/div>\n\t\t<\/div>\n\t\t\t\t\t<\/div>\n\t\t<\/section>\n\t\t\t\t<section class=\"elementor-section elementor-inner-section elementor-element elementor-element-cdb5586 animated-slow elementor-section-boxed elementor-section-height-default elementor-section-height-default elementor-invisible\" data-id=\"cdb5586\" data-element_type=\"section\" data-settings=\"{&quot;animation&quot;:&quot;fadeInUp&quot;}\">\n\t\t\t\t\t\t<div class=\"elementor-container elementor-column-gap-default\">\n\t\t\t\t\t<div class=\"elementor-column elementor-col-100 elementor-inner-column elementor-element elementor-element-df92d9c\" data-id=\"df92d9c\" data-element_type=\"column\">\n\t\t\t<div class=\"elementor-widget-wrap elementor-element-populated\">\n\t\t\t\t\t\t<div class=\"elementor-element elementor-element-a8eb2b7 elementor-widget__width-initial elementor-widget elementor-widget-elementskit-heading\" data-id=\"a8eb2b7\" data-element_type=\"widget\" data-settings=\"{&quot;ekit_we_effect_on&quot;:&quot;none&quot;}\" data-widget_type=\"elementskit-heading.default\">\n\t\t\t\t<div class=\"elementor-widget-container\">\n\t\t\t\t\t<div class=\"ekit-wid-con\" ><div class=\"ekit-heading elementskit-section-title-wraper text_center   ekit_heading_tablet-   ekit_heading_mobile-text_left\"><p class=\"elementskit-section-subtitle  \">\n\t\t\t\t\t\tPublications de l\u2019\u00e9v\u00e9nement 2025 :\n\t\t\t\t\t<\/p><\/div><\/div>\t\t\t\t<\/div>\n\t\t\t\t<\/div>\n\t\t\t\t<div class=\"elementor-element elementor-element-42401c6 elementor-widget__width-inherit elementor-absolute elementor-hidden-mobile elementor-hidden-tablet elementor-hidden-desktop elementor-widget elementor-widget-elementskit-heading\" data-id=\"42401c6\" data-element_type=\"widget\" data-settings=\"{&quot;ekit_we_effect_on&quot;:&quot;onscroll&quot;,&quot;ekit_we_scroll_animation_value&quot;:&quot;-50&quot;,&quot;_position&quot;:&quot;absolute&quot;,&quot;ekit_we_on_test_mode&quot;:&quot;on&quot;,&quot;ekit_we_scroll_animation&quot;:&quot;translateY&quot;,&quot;ekit_we_scroll_smoothness&quot;:700,&quot;ekit_we_scroll_offsettop&quot;:0,&quot;ekit_we_scroll_offsetbottom&quot;:0}\" data-widget_type=\"elementskit-heading.default\">\n\t\t\t\t<div class=\"elementor-widget-container\">\n\t\t\t\t\t<div class=\"ekit-wid-con\" ><div class=\"ekit-heading elementskit-section-title-wraper text_center   ekit_heading_tablet-   ekit_heading_mobile-\"><h2 class=\"ekit-heading--title elementskit-section-title \">news<\/h2><\/div><\/div>\t\t\t\t<\/div>\n\t\t\t\t<\/div>\n\t\t\t\t\t<\/div>\n\t\t<\/div>\n\t\t\t\t\t<\/div>\n\t\t<\/section>\n\t\t\t\t<section class=\"elementor-section elementor-inner-section elementor-element elementor-element-3728602 elementor-section-boxed elementor-section-height-default elementor-section-height-default\" data-id=\"3728602\" data-element_type=\"section\">\n\t\t\t\t\t\t<div class=\"elementor-container elementor-column-gap-default\">\n\t\t\t\t\t<div class=\"elementor-column elementor-col-100 elementor-inner-column elementor-element elementor-element-2b7f5dd\" data-id=\"2b7f5dd\" data-element_type=\"column\">\n\t\t\t<div class=\"elementor-widget-wrap elementor-element-populated\">\n\t\t\t\t\t\t<div class=\"elementor-element elementor-element-1aeaa40 general_accordian elementor-widget elementor-widget-elementskit-accordion\" data-id=\"1aeaa40\" data-element_type=\"widget\" data-settings=\"{&quot;ekit_we_effect_on&quot;:&quot;none&quot;}\" data-widget_type=\"elementskit-accordion.default\">\n\t\t\t\t<div class=\"elementor-widget-container\">\n\t\t\t\t\t<div class=\"ekit-wid-con\" >\n        <div class=\"elementskit-accordion accordion-4\" id=\"accordion-69e86cb874e9a\">\n\n            \n                <div class=\"elementskit-card \">\n                    <div class=\"elementskit-card-header\" id=\"primaryHeading-0-1aeaa40\">\n                        <a href=\"#collapse-09ad3b769e86cb874e9a\" class=\"ekit-accordion--toggler elementskit-btn-link collapsed\" data-ekit-toggle=\"collapse\" data-target=\"#Collapse-09ad3b769e86cb874e9a\" aria-expanded=\"false\" aria-controls=\"Collapse-09ad3b769e86cb874e9a\">\n                                                            <div class=\"ekit_accordion_icon_left_group\">\n                                    <div class=\"ekit_accordion_normal_icon\">\n                                        <!-- Normal Icon -->\n                                        <i class=\"icon icon-plus\"><\/i>                                    <\/div>\n\n                                    <div class=\"ekit_accordion_active_icon\">\n                                        <!-- Active Icon -->\n\t\t\t\t\t\t\t\t\t\t<i class=\"icon icon-minus\"><\/i>                                    <\/div>\n                                <\/div>\n\n                            \n                            <span class=\"ekit-accordion-title\">La Presse: Montr\u00e9al se pr\u00e9pare pour le Super Bowl du placement<\/span>\n\n                            \n                                                    <\/a>\n                    <\/div>\n\n                    <div id=\"Collapse-09ad3b769e86cb874e9a\" class=\" collapse\" aria-labelledby=\"primaryHeading-0-1aeaa40\" data-parent=\"#accordion-69e86cb874e9a\">\n\n                        <div class=\"elementskit-card-body ekit-accordion--content\">\n                            le 19 mai 2025<br><br>\n\nMONTREAL--(LA PRESSE)--Le Super Bowl des conf\u00e9rences sur l\u2019investissement aura lieu pour la premi\u00e8re fois \u00e0 Montr\u00e9al la semaine prochaine et les organisateurs de l\u2019\u00e9v\u00e8nement esp\u00e8rent en faire un rendez-vous annuel dans la m\u00e9tropole.\n\n\n<div class=\"elementor-container elementor-column-gap-default\">\n<div class=\"elementor-column elementor-col-100 elementor-inner-column elementor-element elementor-element-e592f02\">\n<div class=\"elementor-widget-wrap elementor-element-populated\">\n<div class=\"elementor-element elementor-element-383f71f elementor-widget elementor-widget-elementskit-button\">\n<div class=\"elementor-widget-container\">\n<div class=\"ekit-wid-con\">\n<div class=\"ekit-btn-wraper\"><a class=\"elementskit-btn xs-btn whitespace--normal\" href=\"https:\/\/www.lapresse.ca\/affaires\/2025-05-19\/conference-sohn\/montreal-se-prepare-pour-le-super-bowl-du-placement.php\" target=\"_blank\" rel=\"noopener\">lire l'article complet <\/a><\/div>\n<\/div>\n<\/div>\n<\/div>\n<\/div>\n<\/div>\n<\/div>\n                        <\/div>\n\n                    <\/div>\n\n                <\/div><!-- .elementskit-card END -->\n\n                \n                <div class=\"elementskit-card \">\n                    <div class=\"elementskit-card-header\" id=\"primaryHeading-1-1aeaa40\">\n                        <a href=\"#collapse-05501c469e86cb874e9a\" class=\"ekit-accordion--toggler elementskit-btn-link collapsed\" data-ekit-toggle=\"collapse\" data-target=\"#Collapse-05501c469e86cb874e9a\" aria-expanded=\"false\" aria-controls=\"Collapse-05501c469e86cb874e9a\">\n                                                            <div class=\"ekit_accordion_icon_left_group\">\n                                    <div class=\"ekit_accordion_normal_icon\">\n                                        <!-- Normal Icon -->\n                                        <i class=\"icon icon-plus\"><\/i>                                    <\/div>\n\n                                    <div class=\"ekit_accordion_active_icon\">\n                                        <!-- Active Icon -->\n\t\t\t\t\t\t\t\t\t\t<i class=\"icon icon-minus\"><\/i>                                    <\/div>\n                                <\/div>\n\n                            \n                            <span class=\"ekit-accordion-title\">La Conf\u00e9rence d\u2019investissement Sohn Montr\u00e9al annonce la liste des conf\u00e9renciers de sa premi\u00e8re \u00e9dition en mai 2025<\/span>\n\n                            \n                                                    <\/a>\n                    <\/div>\n\n                    <div id=\"Collapse-05501c469e86cb874e9a\" class=\" collapse\" aria-labelledby=\"primaryHeading-1-1aeaa40\" data-parent=\"#accordion-69e86cb874e9a\">\n\n                        <div class=\"elementskit-card-body ekit-accordion--content\">\n                            <p>le 18 f\u00e9vrier 2025<\/p><p>MONTR\u00c9AL--(BUSINESS WIRE)--La Conf\u00e9rence d\u2019investissement Sohn Montr\u00e9al (\u00ab Sohn Montr\u00e9al \u00bb ou la \u00ab Conf\u00e9rence \u00bb), pr\u00e9sent\u00e9e par Converium Capital et Richter en collaboration avec la Banque Nationale, a annonc\u00e9 aujourd\u2019hui la liste des conf\u00e9renciers de sa toute premi\u00e8re \u00e9dition qui se tiendra \u00e0 Montr\u00e9al le 28 mai 2025.<\/p><div class=\"elementor-container elementor-column-gap-default\"><div class=\"elementor-column elementor-col-100 elementor-inner-column elementor-element elementor-element-e592f02\"><div class=\"elementor-widget-wrap elementor-element-populated\"><div class=\"elementor-element elementor-element-383f71f elementor-widget elementor-widget-elementskit-button\"><div class=\"elementor-widget-container\"><div class=\"ekit-wid-con\"><div class=\"ekit-btn-wraper\"><a class=\"elementskit-btn xs-btn whitespace--normal\" href=\"https:\/\/www.businesswire.com\/news\/home\/20250218362012\/fr\/\" target=\"_blank\" rel=\"noopener\"><br \/>lire le communiqu\u00e9 de presse complet <\/a><\/div><\/div><\/div><\/div><\/div><\/div><\/div>                        <\/div>\n\n                    <\/div>\n\n                <\/div><!-- .elementskit-card END -->\n\n                \n                <div class=\"elementskit-card \">\n                    <div class=\"elementskit-card-header\" id=\"primaryHeading-2-1aeaa40\">\n                        <a href=\"#collapse-e33b3f969e86cb874e9a\" class=\"ekit-accordion--toggler elementskit-btn-link collapsed\" data-ekit-toggle=\"collapse\" data-target=\"#Collapse-e33b3f969e86cb874e9a\" aria-expanded=\"false\" aria-controls=\"Collapse-e33b3f969e86cb874e9a\">\n                                                            <div class=\"ekit_accordion_icon_left_group\">\n                                    <div class=\"ekit_accordion_normal_icon\">\n                                        <!-- Normal Icon -->\n                                        <i class=\"icon icon-plus\"><\/i>                                    <\/div>\n\n                                    <div class=\"ekit_accordion_active_icon\">\n                                        <!-- Active Icon -->\n\t\t\t\t\t\t\t\t\t\t<i class=\"icon icon-minus\"><\/i>                                    <\/div>\n                                <\/div>\n\n                            \n                            <span class=\"ekit-accordion-title\">La premi\u00e8re Conf\u00e9rence d\u2019investissement Sohn Montr\u00e9al r\u00e9unissant des chefs de file de l\u2019investissement et de la gestion d\u2019actifs se tiendra le 28 mai 2025<\/span>\n\n                            \n                                                    <\/a>\n                    <\/div>\n\n                    <div id=\"Collapse-e33b3f969e86cb874e9a\" class=\" collapse\" aria-labelledby=\"primaryHeading-2-1aeaa40\" data-parent=\"#accordion-69e86cb874e9a\">\n\n                        <div class=\"elementskit-card-body ekit-accordion--content\">\n                            <p>le 10 octobre 2024<\/p><p>MONTR\u00c9AL--(BUSINESS WIRE)--La premi\u00e8re Conf\u00e9rence d\u2019investissement Sohn Montr\u00e9al, pr\u00e9sent\u00e9e par Converium Capital et Richter, r\u00e9unira des investisseurs et des gestionnaires d\u2019actifs internationaux de premier plan \u00e0 Montr\u00e9al, le 28 mai 2025. Ville embl\u00e9matique d\u2019Am\u00e9rique du Nord, Montr\u00e9al accueillera des chefs de file de la communaut\u00e9 internationale de l\u2019investissement pour une journ\u00e9e de discussions anim\u00e9es sur sc\u00e8ne, de pr\u00e9sentations des meilleures id\u00e9es d\u2019investissement, de conversations informelles et de r\u00e9seautage.<\/p><div class=\"elementor-container elementor-column-gap-default\"><div class=\"elementor-column elementor-col-100 elementor-inner-column elementor-element elementor-element-e592f02\"><div class=\"elementor-widget-wrap elementor-element-populated\"><div class=\"elementor-element elementor-element-383f71f elementor-widget elementor-widget-elementskit-button\"><div class=\"elementor-widget-container\"><div class=\"ekit-wid-con\"><div class=\"ekit-btn-wraper\"><a class=\"elementskit-btn xs-btn whitespace--normal\" href=\"https:\/\/www.businesswire.com\/news\/home\/20241010790399\/fr\/\" target=\"_blank\" rel=\"noopener\"><br \/>lire le communiqu\u00e9 de presse complet <\/a><\/div><\/div><\/div><\/div><\/div><\/div><\/div>                        <\/div>\n\n                    <\/div>\n\n                <\/div><!-- .elementskit-card END -->\n\n                                        <\/div>\n    <\/div>\t\t\t\t<\/div>\n\t\t\t\t<\/div>\n\t\t\t\t\t<\/div>\n\t\t<\/div>\n\t\t\t\t\t<\/div>\n\t\t<\/section>\n\t\t\t\t\t<\/div>\n\t\t<\/div>\n\t\t\t\t\t<\/div>\n\t\t<\/section>\n\t\t\t\t<\/div>\n\t\t\n    <div class=\"xs_social_share_widget xs_share_url after_content \t\tmain_content  wslu-style-1 wslu-share-box-shaped wslu-fill-colored wslu-none wslu-share-horizontal wslu-theme-font-no wslu-main_content\">\n\n\t\t\n        <ul>\n\t\t\t        <\/ul>\n    <\/div> \n","protected":false},"excerpt":{"rendered":"<p>Salle de presse actualit\u00e9s Sohn Montr\u00e9al annonce la mise en vente des billets et la liste des conf\u00e9renciers pour sa deuxi\u00e8me Conf\u00e9rence annuelle d\u2019Investissement Sohn Montr\u00e9al qui se tiendra le 4 juin le 23 janvier 2026 Le deuxi\u00e8me \u00e9v\u00e9nement annuel r\u00e9unit \u00e0 Montr\u00e9al des investisseurs mondiaux de premier plan afin de soutenir les h\u00f4pitaux p\u00e9diatriques [&hellip;]<\/p>\n","protected":false},"author":1,"featured_media":0,"parent":0,"menu_order":0,"comment_status":"closed","ping_status":"closed","template":"template\/full-width-template.php","meta":{"_acf_changed":false,"_themeisle_gutenberg_block_has_review":false,"footnotes":""},"class_list":["post-10558","page","type-page","status-publish","hentry"],"acf":[],"_links":{"self":[{"href":"https:\/\/sohnmontreal.org\/fr\/wp-json\/wp\/v2\/pages\/10558","targetHints":{"allow":["GET"]}}],"collection":[{"href":"https:\/\/sohnmontreal.org\/fr\/wp-json\/wp\/v2\/pages"}],"about":[{"href":"https:\/\/sohnmontreal.org\/fr\/wp-json\/wp\/v2\/types\/page"}],"author":[{"embeddable":true,"href":"https:\/\/sohnmontreal.org\/fr\/wp-json\/wp\/v2\/users\/1"}],"replies":[{"embeddable":true,"href":"https:\/\/sohnmontreal.org\/fr\/wp-json\/wp\/v2\/comments?post=10558"}],"version-history":[{"count":7,"href":"https:\/\/sohnmontreal.org\/fr\/wp-json\/wp\/v2\/pages\/10558\/revisions"}],"predecessor-version":[{"id":11298,"href":"https:\/\/sohnmontreal.org\/fr\/wp-json\/wp\/v2\/pages\/10558\/revisions\/11298"}],"wp:attachment":[{"href":"https:\/\/sohnmontreal.org\/fr\/wp-json\/wp\/v2\/media?parent=10558"}],"curies":[{"name":"wp","href":"https:\/\/api.w.org\/{rel}","templated":true}]}}