{"id":10554,"date":"2020-03-16T06:57:22","date_gmt":"2020-03-16T06:57:22","guid":{"rendered":"https:\/\/sohnmontreal.org\/faq\/"},"modified":"2026-01-14T18:33:35","modified_gmt":"2026-01-14T18:33:35","slug":"faq","status":"publish","type":"page","link":"https:\/\/sohnmontreal.org\/fr\/faq\/","title":{"rendered":"FAQ"},"content":{"rendered":"\t\t<div data-elementor-type=\"wp-page\" data-elementor-id=\"10554\" class=\"elementor elementor-10554 elementor-5373\" data-elementor-post-type=\"page\">\n\t\t\t\t\t\t<section class=\"elementor-section elementor-top-section elementor-element elementor-element-8666ca6 elementor-section-boxed elementor-section-height-default elementor-section-height-default\" data-id=\"8666ca6\" data-element_type=\"section\">\n\t\t\t\t\t\t<div class=\"elementor-container elementor-column-gap-default\">\n\t\t\t\t\t<div class=\"elementor-column elementor-col-100 elementor-top-column elementor-element elementor-element-b00eb5f\" data-id=\"b00eb5f\" data-element_type=\"column\">\n\t\t\t<div class=\"elementor-widget-wrap elementor-element-populated\">\n\t\t\t\t\t\t<section class=\"elementor-section elementor-inner-section elementor-element elementor-element-9b57155 animated-slow elementor-section-boxed elementor-section-height-default elementor-section-height-default elementor-invisible\" data-id=\"9b57155\" data-element_type=\"section\" data-settings=\"{&quot;animation&quot;:&quot;fadeInUp&quot;}\">\n\t\t\t\t\t\t<div class=\"elementor-container elementor-column-gap-default\">\n\t\t\t\t\t<div class=\"elementor-column elementor-col-100 elementor-inner-column elementor-element elementor-element-425de8d\" data-id=\"425de8d\" data-element_type=\"column\">\n\t\t\t<div class=\"elementor-widget-wrap elementor-element-populated\">\n\t\t\t\t\t\t<div class=\"elementor-element elementor-element-79d1c74 elementor-widget__width-initial elementor-widget elementor-widget-elementskit-heading\" data-id=\"79d1c74\" data-element_type=\"widget\" data-settings=\"{&quot;ekit_we_effect_on&quot;:&quot;none&quot;}\" data-widget_type=\"elementskit-heading.default\">\n\t\t\t\t<div class=\"elementor-widget-container\">\n\t\t\t\t\t<div class=\"ekit-wid-con\" ><div class=\"ekit-heading elementskit-section-title-wraper text_center   ekit_heading_tablet-   ekit_heading_mobile-text_left\"><h3 class=\"ekit-heading--title elementskit-section-title \">Foire aux questions<\/h3><\/div><\/div>\t\t\t\t<\/div>\n\t\t\t\t<\/div>\n\t\t\t\t<div class=\"elementor-element elementor-element-c23753f elementor-widget__width-inherit elementor-absolute elementor-hidden-phone elementor-hidden-tablet elementor-widget elementor-widget-elementskit-heading\" data-id=\"c23753f\" data-element_type=\"widget\" data-settings=\"{&quot;ekit_we_effect_on&quot;:&quot;onscroll&quot;,&quot;ekit_we_scroll_animation_value&quot;:&quot;-50&quot;,&quot;_position&quot;:&quot;absolute&quot;,&quot;ekit_we_on_test_mode&quot;:&quot;on&quot;,&quot;ekit_we_scroll_animation&quot;:&quot;translateY&quot;,&quot;ekit_we_scroll_smoothness&quot;:700,&quot;ekit_we_scroll_offsettop&quot;:0,&quot;ekit_we_scroll_offsetbottom&quot;:0}\" data-widget_type=\"elementskit-heading.default\">\n\t\t\t\t<div class=\"elementor-widget-container\">\n\t\t\t\t\t<div class=\"ekit-wid-con\" ><div class=\"ekit-heading elementskit-section-title-wraper text_center   ekit_heading_tablet-   ekit_heading_mobile-\"><h2 class=\"ekit-heading--title elementskit-section-title \">questions<\/h2><\/div><\/div>\t\t\t\t<\/div>\n\t\t\t\t<\/div>\n\t\t\t\t\t<\/div>\n\t\t<\/div>\n\t\t\t\t\t<\/div>\n\t\t<\/section>\n\t\t\t\t<section class=\"elementor-section elementor-inner-section elementor-element elementor-element-6721f7f elementor-section-boxed elementor-section-height-default elementor-section-height-default\" data-id=\"6721f7f\" data-element_type=\"section\">\n\t\t\t\t\t\t<div class=\"elementor-container elementor-column-gap-default\">\n\t\t\t\t\t<div class=\"elementor-column elementor-col-100 elementor-inner-column elementor-element elementor-element-671ba14\" data-id=\"671ba14\" data-element_type=\"column\">\n\t\t\t<div class=\"elementor-widget-wrap elementor-element-populated\">\n\t\t\t\t\t\t<div class=\"elementor-element elementor-element-f93f93f general_accordian elementor-widget elementor-widget-elementskit-accordion\" data-id=\"f93f93f\" data-element_type=\"widget\" data-settings=\"{&quot;ekit_we_effect_on&quot;:&quot;none&quot;}\" data-widget_type=\"elementskit-accordion.default\">\n\t\t\t\t<div class=\"elementor-widget-container\">\n\t\t\t\t\t<div class=\"ekit-wid-con\" >\n        <div class=\"elementskit-accordion accordion-4\" id=\"accordion-69e8799f9168a\">\n\n            \n                <div class=\"elementskit-card active\">\n                    <div class=\"elementskit-card-header\" id=\"primaryHeading-0-f93f93f\">\n                        <a href=\"#collapse-12849e869e8799f9168a\" class=\"ekit-accordion--toggler elementskit-btn-link collapsed\" data-ekit-toggle=\"collapse\" data-target=\"#Collapse-12849e869e8799f9168a\" aria-expanded=\"true\" aria-controls=\"Collapse-12849e869e8799f9168a\">\n                                                            <div class=\"ekit_accordion_icon_left_group\">\n                                    <div class=\"ekit_accordion_normal_icon\">\n                                        <!-- Normal Icon -->\n                                        <i class=\"icon icon-plus\"><\/i>                                    <\/div>\n\n                                    <div class=\"ekit_accordion_active_icon\">\n                                        <!-- Active Icon -->\n\t\t\t\t\t\t\t\t\t\t<i class=\"icon icon-minus\"><\/i>                                    <\/div>\n                                <\/div>\n\n                            \n                            <span class=\"ekit-accordion-title\">1. Qu&#039;est-ce que la Conf\u00e9rence Sohn Montr\u00e9al ?<\/span>\n\n                            \n                                                    <\/a>\n                    <\/div>\n\n                    <div id=\"Collapse-12849e869e8799f9168a\" class=\" show collapse\" aria-labelledby=\"primaryHeading-0-f93f93f\" data-parent=\"#accordion-69e8799f9168a\">\n\n                        <div class=\"elementskit-card-body ekit-accordion--content\">\n                            <p>La conf\u00e9rence Sohn Montr\u00e9al rassemblera certains des investisseurs et r\u00e9partiteurs d\u2019actifs les plus influents au monde dans l'une des villes les plus embl\u00e9matiques d'Am\u00e9rique du Nord. Cela leur permettra de pr\u00e9senter leurs id\u00e9es \u00e0 un public international \u00e0 l'H\u00f4tel Four Seasons, au c\u0153ur de Montr\u00e9al. La conf\u00e9rence soutiendra les deux h\u00f4pitaux p\u00e9diatriques de la ville, l'H\u00f4pital de Montr\u00e9al pour enfants et l'H\u00f4pital Sainte-Justine.<\/p><p>D\u00e9couvrez <a href=\"https:\/\/sohnmontreal.org\/fr\/a-propos\/\">ici<\/a> l'histoire et les objectifs de la conf\u00e9rence.<\/p>                        <\/div>\n\n                    <\/div>\n\n                <\/div><!-- .elementskit-card END -->\n\n                \n                <div class=\"elementskit-card \">\n                    <div class=\"elementskit-card-header\" id=\"primaryHeading-1-f93f93f\">\n                        <a href=\"#collapse-2107e0769e8799f9168a\" class=\"ekit-accordion--toggler elementskit-btn-link collapsed\" data-ekit-toggle=\"collapse\" data-target=\"#Collapse-2107e0769e8799f9168a\" aria-expanded=\"false\" aria-controls=\"Collapse-2107e0769e8799f9168a\">\n                                                            <div class=\"ekit_accordion_icon_left_group\">\n                                    <div class=\"ekit_accordion_normal_icon\">\n                                        <!-- Normal Icon -->\n                                        <i class=\"icon icon-plus\"><\/i>                                    <\/div>\n\n                                    <div class=\"ekit_accordion_active_icon\">\n                                        <!-- Active Icon -->\n\t\t\t\t\t\t\t\t\t\t<i class=\"icon icon-minus\"><\/i>                                    <\/div>\n                                <\/div>\n\n                            \n                            <span class=\"ekit-accordion-title\">2. Depuis combien de temps la conf\u00e9rence a-t-elle lieu ?<\/span>\n\n                            \n                                                    <\/a>\n                    <\/div>\n\n                    <div id=\"Collapse-2107e0769e8799f9168a\" class=\" collapse\" aria-labelledby=\"primaryHeading-1-f93f93f\" data-parent=\"#accordion-69e8799f9168a\">\n\n                        <div class=\"elementskit-card-body ekit-accordion--content\">\n                            <p>2026 sera la seconde ann\u00e9e de Sohn Montr\u00e9al.<\/p>                        <\/div>\n\n                    <\/div>\n\n                <\/div><!-- .elementskit-card END -->\n\n                \n                <div class=\"elementskit-card \">\n                    <div class=\"elementskit-card-header\" id=\"primaryHeading-2-f93f93f\">\n                        <a href=\"#collapse-d5526a569e8799f9168a\" class=\"ekit-accordion--toggler elementskit-btn-link collapsed\" data-ekit-toggle=\"collapse\" data-target=\"#Collapse-d5526a569e8799f9168a\" aria-expanded=\"false\" aria-controls=\"Collapse-d5526a569e8799f9168a\">\n                                                            <div class=\"ekit_accordion_icon_left_group\">\n                                    <div class=\"ekit_accordion_normal_icon\">\n                                        <!-- Normal Icon -->\n                                        <i class=\"icon icon-plus\"><\/i>                                    <\/div>\n\n                                    <div class=\"ekit_accordion_active_icon\">\n                                        <!-- Active Icon -->\n\t\t\t\t\t\t\t\t\t\t<i class=\"icon icon-minus\"><\/i>                                    <\/div>\n                                <\/div>\n\n                            \n                            <span class=\"ekit-accordion-title\">3. Quand et o\u00f9 se tient la conf\u00e9rence ?<\/span>\n\n                            \n                                                    <\/a>\n                    <\/div>\n\n                    <div id=\"Collapse-d5526a569e8799f9168a\" class=\" collapse\" aria-labelledby=\"primaryHeading-2-f93f93f\" data-parent=\"#accordion-69e8799f9168a\">\n\n                        <div class=\"elementskit-card-body ekit-accordion--content\">\n                            <p>La conf\u00e9rence se tiendra le 4 juin 2026, au Four Seasons Hotel, situ\u00e9 au c\u0153ur de Montr\u00e9al.<\/p><p>L'adresse est le 1440 Rue de la Montagne, Montr\u00e9al, QC H3G 1Z5, Canada.<\/p><p><a href=\"https:\/\/admitone.com\/events\/montr-al\/community\/fundraiser-or-charity\/sohn-montreal-investment-conference-2026\/MPNGK2\" target=\"_blank\" rel=\"noopener\">Rejoignez-nous<\/a><\/p>                        <\/div>\n\n                    <\/div>\n\n                <\/div><!-- .elementskit-card END -->\n\n                \n                <div class=\"elementskit-card \">\n                    <div class=\"elementskit-card-header\" id=\"primaryHeading-3-f93f93f\">\n                        <a href=\"#collapse-45bc25969e8799f9168a\" class=\"ekit-accordion--toggler elementskit-btn-link collapsed\" data-ekit-toggle=\"collapse\" data-target=\"#Collapse-45bc25969e8799f9168a\" aria-expanded=\"false\" aria-controls=\"Collapse-45bc25969e8799f9168a\">\n                                                            <div class=\"ekit_accordion_icon_left_group\">\n                                    <div class=\"ekit_accordion_normal_icon\">\n                                        <!-- Normal Icon -->\n                                        <i class=\"icon icon-plus\"><\/i>                                    <\/div>\n\n                                    <div class=\"ekit_accordion_active_icon\">\n                                        <!-- Active Icon -->\n\t\t\t\t\t\t\t\t\t\t<i class=\"icon icon-minus\"><\/i>                                    <\/div>\n                                <\/div>\n\n                            \n                            <span class=\"ekit-accordion-title\">4. Comment acheter un billet ?<\/span>\n\n                            \n                                                    <\/a>\n                    <\/div>\n\n                    <div id=\"Collapse-45bc25969e8799f9168a\" class=\" collapse\" aria-labelledby=\"primaryHeading-3-f93f93f\" data-parent=\"#accordion-69e8799f9168a\">\n\n                        <div class=\"elementskit-card-body ekit-accordion--content\">\n                            <p>Si vous souhaitez acheter un billet, veuillez suivre ce lien : <a href=\"https:\/\/admitone.com\/events\/montr-al\/community\/fundraiser-or-charity\/sohn-montreal-investment-conference-2026\/MPNGK2\" target=\"_blank\" rel=\"noopener\">Rejoignez-nous<\/a><\/p>                        <\/div>\n\n                    <\/div>\n\n                <\/div><!-- .elementskit-card END -->\n\n                \n                <div class=\"elementskit-card \">\n                    <div class=\"elementskit-card-header\" id=\"primaryHeading-4-f93f93f\">\n                        <a href=\"#collapse-96d9b9269e8799f9168a\" class=\"ekit-accordion--toggler elementskit-btn-link collapsed\" data-ekit-toggle=\"collapse\" data-target=\"#Collapse-96d9b9269e8799f9168a\" aria-expanded=\"false\" aria-controls=\"Collapse-96d9b9269e8799f9168a\">\n                                                            <div class=\"ekit_accordion_icon_left_group\">\n                                    <div class=\"ekit_accordion_normal_icon\">\n                                        <!-- Normal Icon -->\n                                        <i class=\"icon icon-plus\"><\/i>                                    <\/div>\n\n                                    <div class=\"ekit_accordion_active_icon\">\n                                        <!-- Active Icon -->\n\t\t\t\t\t\t\t\t\t\t<i class=\"icon icon-minus\"><\/i>                                    <\/div>\n                                <\/div>\n\n                            \n                            <span class=\"ekit-accordion-title\">5. Qui prend la parole \u00e0 la conf\u00e9rence ?<\/span>\n\n                            \n                                                    <\/a>\n                    <\/div>\n\n                    <div id=\"Collapse-96d9b9269e8799f9168a\" class=\" collapse\" aria-labelledby=\"primaryHeading-4-f93f93f\" data-parent=\"#accordion-69e8799f9168a\">\n\n                        <div class=\"elementskit-card-body ekit-accordion--content\">\n                            <p>Veuillez consulter la page des <a href=\"https:\/\/sohnmontreal.org\/fr\/conferenciers\/\">conf\u00e9renciers<\/a> pour la liste des conf\u00e9renciers la plus r\u00e9cente.<\/p>                        <\/div>\n\n                    <\/div>\n\n                <\/div><!-- .elementskit-card END -->\n\n                \n                <div class=\"elementskit-card \">\n                    <div class=\"elementskit-card-header\" id=\"primaryHeading-5-f93f93f\">\n                        <a href=\"#collapse-d2dd97b69e8799f9168a\" class=\"ekit-accordion--toggler elementskit-btn-link collapsed\" data-ekit-toggle=\"collapse\" data-target=\"#Collapse-d2dd97b69e8799f9168a\" aria-expanded=\"false\" aria-controls=\"Collapse-d2dd97b69e8799f9168a\">\n                                                            <div class=\"ekit_accordion_icon_left_group\">\n                                    <div class=\"ekit_accordion_normal_icon\">\n                                        <!-- Normal Icon -->\n                                        <i class=\"icon icon-plus\"><\/i>                                    <\/div>\n\n                                    <div class=\"ekit_accordion_active_icon\">\n                                        <!-- Active Icon -->\n\t\t\t\t\t\t\t\t\t\t<i class=\"icon icon-minus\"><\/i>                                    <\/div>\n                                <\/div>\n\n                            \n                            <span class=\"ekit-accordion-title\">6. Comment puis-je devenir commanditaire de la conf\u00e9rence ?<\/span>\n\n                            \n                                                    <\/a>\n                    <\/div>\n\n                    <div id=\"Collapse-d2dd97b69e8799f9168a\" class=\" collapse\" aria-labelledby=\"primaryHeading-5-f93f93f\" data-parent=\"#accordion-69e8799f9168a\">\n\n                        <div class=\"elementskit-card-body ekit-accordion--content\">\n                            <p>Pour des informations sur les commandites et partenariats, veuillez nous contacter \u00e0 <a href=\"mailto:info@sohnmontreal.org\">info@sohnmontreal.org<\/a>.<\/p>                        <\/div>\n\n                    <\/div>\n\n                <\/div><!-- .elementskit-card END -->\n\n                \n                <div class=\"elementskit-card \">\n                    <div class=\"elementskit-card-header\" id=\"primaryHeading-6-f93f93f\">\n                        <a href=\"#collapse-16ce13669e8799f9168a\" class=\"ekit-accordion--toggler elementskit-btn-link collapsed\" data-ekit-toggle=\"collapse\" data-target=\"#Collapse-16ce13669e8799f9168a\" aria-expanded=\"false\" aria-controls=\"Collapse-16ce13669e8799f9168a\">\n                                                            <div class=\"ekit_accordion_icon_left_group\">\n                                    <div class=\"ekit_accordion_normal_icon\">\n                                        <!-- Normal Icon -->\n                                        <i class=\"icon icon-plus\"><\/i>                                    <\/div>\n\n                                    <div class=\"ekit_accordion_active_icon\">\n                                        <!-- Active Icon -->\n\t\t\t\t\t\t\t\t\t\t<i class=\"icon icon-minus\"><\/i>                                    <\/div>\n                                <\/div>\n\n                            \n                            <span class=\"ekit-accordion-title\">7. Vous avez une autre question et\/ou besoin d&#039;assistance ?<\/span>\n\n                            \n                                                    <\/a>\n                    <\/div>\n\n                    <div id=\"Collapse-16ce13669e8799f9168a\" class=\" collapse\" aria-labelledby=\"primaryHeading-6-f93f93f\" data-parent=\"#accordion-69e8799f9168a\">\n\n                        <div class=\"elementskit-card-body ekit-accordion--content\">\n                            <p>Veuillez nous contacter \u00e0 <a href=\"mailto:info@sohnmontreal.org\">info@sohnmontreal.org.<\/a><\/p>                        <\/div>\n\n                    <\/div>\n\n                <\/div><!-- .elementskit-card END -->\n\n                \n                <div class=\"elementskit-card \">\n                    <div class=\"elementskit-card-header\" id=\"primaryHeading-7-f93f93f\">\n                        <a href=\"#collapse-55b576969e8799f9168a\" class=\"ekit-accordion--toggler elementskit-btn-link collapsed\" data-ekit-toggle=\"collapse\" data-target=\"#Collapse-55b576969e8799f9168a\" aria-expanded=\"false\" aria-controls=\"Collapse-55b576969e8799f9168a\">\n                                                            <div class=\"ekit_accordion_icon_left_group\">\n                                    <div class=\"ekit_accordion_normal_icon\">\n                                        <!-- Normal Icon -->\n                                        <i class=\"icon icon-plus\"><\/i>                                    <\/div>\n\n                                    <div class=\"ekit_accordion_active_icon\">\n                                        <!-- Active Icon -->\n\t\t\t\t\t\t\t\t\t\t<i class=\"icon icon-minus\"><\/i>                                    <\/div>\n                                <\/div>\n\n                            \n                            <span class=\"ekit-accordion-title\">8. Comment puis-je obtenir un pass m\u00e9dia pour la conf\u00e9rence ?<\/span>\n\n                            \n                                                    <\/a>\n                    <\/div>\n\n                    <div id=\"Collapse-55b576969e8799f9168a\" class=\" collapse\" aria-labelledby=\"primaryHeading-7-f93f93f\" data-parent=\"#accordion-69e8799f9168a\">\n\n                        <div class=\"elementskit-card-body ekit-accordion--content\">\n                            <p>Si vous \u00eates membre de la presse et que vous souhaitez assister \u00e0 la conf\u00e9rence, veuillez contacter \u00e0 <a href=\"mailto:info@sohnmontreal.org\">info@sohnmontreal.org<\/a>.<\/p>                        <\/div>\n\n                    <\/div>\n\n                <\/div><!-- .elementskit-card END -->\n\n                                        <\/div>\n    <\/div>\t\t\t\t<\/div>\n\t\t\t\t<\/div>\n\t\t\t\t\t<\/div>\n\t\t<\/div>\n\t\t\t\t\t<\/div>\n\t\t<\/section>\n\t\t\t\t\t<\/div>\n\t\t<\/div>\n\t\t\t\t\t<\/div>\n\t\t<\/section>\n\t\t\t\t<\/div>\n\t\t\n    <div class=\"xs_social_share_widget xs_share_url after_content \t\tmain_content  wslu-style-1 wslu-share-box-shaped wslu-fill-colored wslu-none wslu-share-horizontal wslu-theme-font-no wslu-main_content\">\n\n\t\t\n        <ul>\n\t\t\t        <\/ul>\n    <\/div> \n","protected":false},"excerpt":{"rendered":"<p>Foire aux questions questions 1. Qu&#039;est-ce que la Conf\u00e9rence Sohn Montr\u00e9al ? La conf\u00e9rence Sohn Montr\u00e9al rassemblera certains des investisseurs et r\u00e9partiteurs d\u2019actifs les plus influents au monde dans l&rsquo;une des villes les plus embl\u00e9matiques d&rsquo;Am\u00e9rique du Nord. Cela leur permettra de pr\u00e9senter leurs id\u00e9es \u00e0 un public international \u00e0 l&rsquo;H\u00f4tel Four Seasons, au c\u0153ur [&hellip;]<\/p>\n","protected":false},"author":1,"featured_media":0,"parent":0,"menu_order":0,"comment_status":"closed","ping_status":"closed","template":"template\/full-width-template.php","meta":{"_acf_changed":false,"_themeisle_gutenberg_block_has_review":false,"footnotes":""},"class_list":["post-10554","page","type-page","status-publish","hentry"],"acf":[],"_links":{"self":[{"href":"https:\/\/sohnmontreal.org\/fr\/wp-json\/wp\/v2\/pages\/10554","targetHints":{"allow":["GET"]}}],"collection":[{"href":"https:\/\/sohnmontreal.org\/fr\/wp-json\/wp\/v2\/pages"}],"about":[{"href":"https:\/\/sohnmontreal.org\/fr\/wp-json\/wp\/v2\/types\/page"}],"author":[{"embeddable":true,"href":"https:\/\/sohnmontreal.org\/fr\/wp-json\/wp\/v2\/users\/1"}],"replies":[{"embeddable":true,"href":"https:\/\/sohnmontreal.org\/fr\/wp-json\/wp\/v2\/comments?post=10554"}],"version-history":[{"count":35,"href":"https:\/\/sohnmontreal.org\/fr\/wp-json\/wp\/v2\/pages\/10554\/revisions"}],"predecessor-version":[{"id":11232,"href":"https:\/\/sohnmontreal.org\/fr\/wp-json\/wp\/v2\/pages\/10554\/revisions\/11232"}],"wp:attachment":[{"href":"https:\/\/sohnmontreal.org\/fr\/wp-json\/wp\/v2\/media?parent=10554"}],"curies":[{"name":"wp","href":"https:\/\/api.w.org\/{rel}","templated":true}]}}