{"id":10549,"date":"2024-09-30T15:47:48","date_gmt":"2024-09-30T15:47:48","guid":{"rendered":"https:\/\/sohnmontreal.org\/beneficiaries\/"},"modified":"2025-11-12T22:14:54","modified_gmt":"2025-11-12T22:14:54","slug":"beneficiaires","status":"publish","type":"page","link":"https:\/\/sohnmontreal.org\/fr\/beneficiaires\/","title":{"rendered":"B\u00e9n\u00e9ficiaires"},"content":{"rendered":"\t\t<div data-elementor-type=\"wp-page\" data-elementor-id=\"10549\" class=\"elementor elementor-10549 elementor-8987\" data-elementor-post-type=\"page\">\n\t\t\t\t\t\t<section class=\"elementor-section elementor-top-section elementor-element elementor-element-86047ef elementor-section-boxed elementor-section-height-default elementor-section-height-default\" data-id=\"86047ef\" data-element_type=\"section\" id=\"xs-section-overflow\" data-settings=\"{&quot;animation&quot;:&quot;none&quot;}\">\n\t\t\t\t\t\t<div class=\"elementor-container elementor-column-gap-default\">\n\t\t\t\t\t<div class=\"elementor-column elementor-col-100 elementor-top-column elementor-element elementor-element-bf3bea9\" data-id=\"bf3bea9\" data-element_type=\"column\">\n\t\t\t<div class=\"elementor-widget-wrap elementor-element-populated\">\n\t\t\t\t\t\t<section class=\"elementor-section elementor-inner-section elementor-element elementor-element-7c95db2 animated-slow elementor-section-boxed elementor-section-height-default elementor-section-height-default elementor-invisible\" data-id=\"7c95db2\" data-element_type=\"section\" data-settings=\"{&quot;animation&quot;:&quot;fadeInUp&quot;}\">\n\t\t\t\t\t\t<div class=\"elementor-container elementor-column-gap-default\">\n\t\t\t\t\t<div class=\"elementor-column elementor-col-100 elementor-inner-column elementor-element elementor-element-7846a7b\" data-id=\"7846a7b\" data-element_type=\"column\">\n\t\t\t<div class=\"elementor-widget-wrap elementor-element-populated\">\n\t\t\t\t\t\t<div class=\"elementor-element elementor-element-c19b158 elementor-widget__width-inherit elementor-absolute elementor-hidden-phone elementor-widget elementor-widget-elementskit-heading\" data-id=\"c19b158\" data-element_type=\"widget\" data-settings=\"{&quot;ekit_we_effect_on&quot;:&quot;onscroll&quot;,&quot;ekit_we_scroll_animation_value&quot;:&quot;-50&quot;,&quot;_position&quot;:&quot;absolute&quot;,&quot;ekit_we_on_test_mode&quot;:&quot;on&quot;,&quot;ekit_we_scroll_animation&quot;:&quot;translateY&quot;,&quot;ekit_we_scroll_smoothness&quot;:700,&quot;ekit_we_scroll_offsettop&quot;:0,&quot;ekit_we_scroll_offsetbottom&quot;:0}\" data-widget_type=\"elementskit-heading.default\">\n\t\t\t\t<div class=\"elementor-widget-container\">\n\t\t\t\t\t<div class=\"ekit-wid-con\" ><div class=\"ekit-heading elementskit-section-title-wraper text_center   ekit_heading_tablet-   ekit_heading_mobile-\"><h2 class=\"ekit-heading--title elementskit-section-title \">b\u00e9n\u00e9ficiaires<\/h2><\/div><\/div>\t\t\t\t<\/div>\n\t\t\t\t<\/div>\n\t\t\t\t<div class=\"elementor-element elementor-element-47aff9f elementor-invisible elementor-widget elementor-widget-elementskit-heading\" data-id=\"47aff9f\" data-element_type=\"widget\" data-settings=\"{&quot;_animation&quot;:&quot;fadeInUp&quot;,&quot;ekit_we_effect_on&quot;:&quot;none&quot;}\" data-widget_type=\"elementskit-heading.default\">\n\t\t\t\t<div class=\"elementor-widget-container\">\n\t\t\t\t\t<div class=\"ekit-wid-con\" ><div class=\"ekit-heading elementskit-section-title-wraper text_center   ekit_heading_tablet-   ekit_heading_mobile-\"><h3 class=\"ekit-heading--title elementskit-section-title \">B\u00e9n\u00e9ficiaires<\/h3>\t\t\t\t<div class='ekit-heading__description'>\n\t\t\t\t\t<p>&nbsp;<\/p>\n<p>Tous les b\u00e9n\u00e9fices de Sohn Montr\u00e9al seront revers\u00e9s aux deux h\u00f4pitaux p\u00e9diatriques de la ville, poursuivant ainsi la mission de la Sohn Conference Foundation d'appuyer des initiatives novatrices visant \u00e0 am\u00e9liorer les soins aux patients dans le domaine de la sant\u00e9 \u00e0 l'\u00e9chelle mondiale.<\/p>\n\t\t\t\t<\/div>\n\t\t\t<\/div><\/div>\t\t\t\t<\/div>\n\t\t\t\t<\/div>\n\t\t\t\t\t<\/div>\n\t\t<\/div>\n\t\t\t\t\t<\/div>\n\t\t<\/section>\n\t\t\t\t<div class=\"elementor-element elementor-element-ce51ddf elementor-widget__width-initial elementor-absolute elementor-hidden-tablet elementor-hidden-mobile elementor-hidden-desktop elementor-widget elementor-widget-image\" data-id=\"ce51ddf\" data-element_type=\"widget\" data-settings=\"{&quot;ekit_we_effect_on&quot;:&quot;mousemove&quot;,&quot;_position&quot;:&quot;absolute&quot;,&quot;ekit_we_on_test_mode&quot;:&quot;on&quot;,&quot;ekit_we_mousemove_parallax_speed&quot;:40}\" data-widget_type=\"image.default\">\n\t\t\t\t<div class=\"elementor-widget-container\">\n\t\t\t\t\t\t\t\t\t\t\t\t\t\t\t<img decoding=\"async\" width=\"33\" height=\"48\" src=\"https:\/\/sohnmontreal.org\/wp-content\/uploads\/2020\/01\/Venue-contact-plus-circle.png\" class=\"attachment-large size-large wp-image-10473\" alt=\"\" \/>\t\t\t\t\t\t\t\t\t\t\t\t\t\t\t<\/div>\n\t\t\t\t<\/div>\n\t\t\t\t<div class=\"elementor-element elementor-element-3a6bd10 elementor-widget__width-initial elementor-absolute elementor-hidden-tablet elementor-hidden-mobile elementor-hidden-desktop elementor-widget elementor-widget-image\" data-id=\"3a6bd10\" data-element_type=\"widget\" data-settings=\"{&quot;ekit_we_effect_on&quot;:&quot;mousemove&quot;,&quot;_position&quot;:&quot;absolute&quot;,&quot;ekit_we_on_test_mode&quot;:&quot;on&quot;,&quot;ekit_we_mousemove_parallax_speed&quot;:40}\" data-widget_type=\"image.default\">\n\t\t\t\t<div class=\"elementor-widget-container\">\n\t\t\t\t\t\t\t\t\t\t\t\t\t\t\t<img decoding=\"async\" width=\"23\" height=\"22\" src=\"https:\/\/sohnmontreal.org\/wp-content\/uploads\/2020\/01\/contact_page_shape_three.png\" class=\"attachment-large size-large wp-image-10474\" alt=\"\" \/>\t\t\t\t\t\t\t\t\t\t\t\t\t\t\t<\/div>\n\t\t\t\t<\/div>\n\t\t\t\t\t<\/div>\n\t\t<\/div>\n\t\t\t\t\t<\/div>\n\t\t<\/section>\n\t\t\t\t<section class=\"elementor-section elementor-top-section elementor-element elementor-element-da6675f elementor-section-content-top grid-white-solid elementor-section-boxed elementor-section-height-default elementor-section-height-default\" data-id=\"da6675f\" data-element_type=\"section\" data-settings=\"{&quot;background_background&quot;:&quot;classic&quot;}\">\n\t\t\t\t\t\t<div class=\"elementor-container elementor-column-gap-default\">\n\t\t\t\t\t<div class=\"elementor-column elementor-col-100 elementor-top-column elementor-element elementor-element-e68af6e\" data-id=\"e68af6e\" data-element_type=\"column\">\n\t\t\t<div class=\"elementor-widget-wrap elementor-element-populated\">\n\t\t\t\t\t\t<section class=\"elementor-section elementor-inner-section elementor-element elementor-element-c56e83f elementor-section-content-top elementor-section-boxed elementor-section-height-default elementor-section-height-default\" data-id=\"c56e83f\" data-element_type=\"section\">\n\t\t\t\t\t\t<div class=\"elementor-container elementor-column-gap-default\">\n\t\t\t\t\t<div class=\"elementor-column elementor-col-100 elementor-inner-column elementor-element elementor-element-07f63d5 elementor-hidden-desktop elementor-hidden-tablet elementor-hidden-mobile\" data-id=\"07f63d5\" data-element_type=\"column\">\n\t\t\t<div class=\"elementor-widget-wrap\">\n\t\t\t\t\t\t\t<\/div>\n\t\t<\/div>\n\t\t\t\t\t<\/div>\n\t\t<\/section>\n\t\t\t\t<section class=\"elementor-section elementor-inner-section elementor-element elementor-element-54e6aba elementor-section-height-min-height elementor-section-boxed elementor-section-height-default\" data-id=\"54e6aba\" data-element_type=\"section\">\n\t\t\t\t\t\t<div class=\"elementor-container elementor-column-gap-no\">\n\t\t\t\t\t<div class=\"elementor-column elementor-col-50 elementor-inner-column elementor-element elementor-element-c08d807\" data-id=\"c08d807\" data-element_type=\"column\" data-settings=\"{&quot;background_background&quot;:&quot;classic&quot;}\">\n\t\t\t<div class=\"elementor-widget-wrap elementor-element-populated\">\n\t\t\t\t\t\t<div class=\"elementor-element elementor-element-2795f96 elementor-widget elementor-widget-image\" data-id=\"2795f96\" data-element_type=\"widget\" data-settings=\"{&quot;ekit_we_effect_on&quot;:&quot;none&quot;}\" data-widget_type=\"image.default\">\n\t\t\t\t<div class=\"elementor-widget-container\">\n\t\t\t\t\t\t\t\t\t\t\t\t\t\t\t\t<a href=\"https:\/\/fondationduchildren.com\/en\/\" target=\"_blank\">\n\t\t\t\t\t\t\t<img fetchpriority=\"high\" decoding=\"async\" width=\"800\" height=\"572\" src=\"https:\/\/sohnmontreal.org\/wp-content\/uploads\/2025\/11\/mch-fdn.png\" class=\"attachment-large size-large wp-image-10433\" alt=\"\" srcset=\"https:\/\/sohnmontreal.org\/wp-content\/uploads\/2025\/11\/mch-fdn.png 1024w, https:\/\/sohnmontreal.org\/wp-content\/uploads\/2025\/11\/mch-fdn-300x214.png 300w, https:\/\/sohnmontreal.org\/wp-content\/uploads\/2025\/11\/mch-fdn-768x549.png 768w, https:\/\/sohnmontreal.org\/wp-content\/uploads\/2025\/11\/mch-fdn-350x250.png 350w\" sizes=\"(max-width: 800px) 100vw, 800px\" \/>\t\t\t\t\t\t\t\t<\/a>\n\t\t\t\t\t\t\t\t\t\t\t\t\t\t\t<\/div>\n\t\t\t\t<\/div>\n\t\t\t\t\t<\/div>\n\t\t<\/div>\n\t\t\t\t<div class=\"elementor-column elementor-col-50 elementor-inner-column elementor-element elementor-element-5c22cb7\" data-id=\"5c22cb7\" data-element_type=\"column\">\n\t\t\t<div class=\"elementor-widget-wrap elementor-element-populated\">\n\t\t\t\t\t\t<div class=\"elementor-element elementor-element-45dc7d8 elementor-widget elementor-widget-text-editor\" data-id=\"45dc7d8\" data-element_type=\"widget\" data-settings=\"{&quot;ekit_we_effect_on&quot;:&quot;none&quot;}\" data-widget_type=\"text-editor.default\">\n\t\t\t\t<div class=\"elementor-widget-container\">\n\t\t\t\t\t\t\t\t\t<p>La Fondation de l&rsquo;H\u00f4pital de Montr\u00e9al pour enfants (FHME) est une corporation \u00e0 but non lucratif cr\u00e9\u00e9e en 1973.<\/p>\n\n<p>La mission de la Fondation est de soutenir l&rsquo;excellence des soins p\u00e9diatriques \u00e0 l&rsquo;H\u00f4pital de Montr\u00e9al pour enfants du Centre universitaire de sant\u00e9 McGill. Cet objectif est atteint en contribuant \u00e0 l&rsquo;avancement des activit\u00e9s d&rsquo;enseignement et de recherche, ainsi qu&rsquo;en finan\u00e7ant des \u00e9quipements m\u00e9dicaux et chirurgicaux \u00e0 la fine pointe de la technologie.<\/p>\t\t\t\t\t\t\t\t<\/div>\n\t\t\t\t<\/div>\n\t\t\t\t\t<\/div>\n\t\t<\/div>\n\t\t\t\t\t<\/div>\n\t\t<\/section>\n\t\t\t\t<section class=\"elementor-section elementor-inner-section elementor-element elementor-element-6988c63 elementor-section-height-min-height elementor-reverse-mobile elementor-section-boxed elementor-section-height-default\" data-id=\"6988c63\" data-element_type=\"section\">\n\t\t\t\t\t\t<div class=\"elementor-container elementor-column-gap-no\">\n\t\t\t\t\t<div class=\"elementor-column elementor-col-50 elementor-inner-column elementor-element elementor-element-e0b9fd8\" data-id=\"e0b9fd8\" data-element_type=\"column\">\n\t\t\t<div class=\"elementor-widget-wrap elementor-element-populated\">\n\t\t\t\t\t\t<div class=\"elementor-element elementor-element-f5c4a76 elementor-widget elementor-widget-text-editor\" data-id=\"f5c4a76\" data-element_type=\"widget\" data-settings=\"{&quot;ekit_we_effect_on&quot;:&quot;none&quot;}\" data-widget_type=\"text-editor.default\">\n\t\t\t\t<div class=\"elementor-widget-container\">\n\t\t\t\t\t\t\t\t\t<p>La Fondation du CHU Sainte-Justine a \u00e9t\u00e9 fond\u00e9e en 1987 suite \u00e0 la fusion de la Fondation Justine Lacoste-Beaubien et de la Fondation Sainte-Justine.<\/p>\n\n<p>Le Centre de recherche stimule l&rsquo;innovation au CHU Sainte-Justine au b\u00e9n\u00e9fice des futures m\u00e8res, des enfants et de leur famille pour les g\u00e9n\u00e9rations pr\u00e9sentes et futures.<\/p>\t\t\t\t\t\t\t\t<\/div>\n\t\t\t\t<\/div>\n\t\t\t\t\t<\/div>\n\t\t<\/div>\n\t\t\t\t<div class=\"elementor-column elementor-col-50 elementor-inner-column elementor-element elementor-element-cb8a091\" data-id=\"cb8a091\" data-element_type=\"column\" data-settings=\"{&quot;background_background&quot;:&quot;classic&quot;}\">\n\t\t\t<div class=\"elementor-widget-wrap elementor-element-populated\">\n\t\t\t\t\t\t<div class=\"elementor-element elementor-element-ae3ba2f elementor-widget elementor-widget-image\" data-id=\"ae3ba2f\" data-element_type=\"widget\" data-settings=\"{&quot;ekit_we_effect_on&quot;:&quot;none&quot;}\" data-widget_type=\"image.default\">\n\t\t\t\t<div class=\"elementor-widget-container\">\n\t\t\t\t\t\t\t\t\t\t\t\t\t\t\t\t<a href=\"https:\/\/www.fondationstejustine.org\/en\/\" target=\"_blank\">\n\t\t\t\t\t\t\t<img loading=\"lazy\" decoding=\"async\" width=\"800\" height=\"570\" src=\"https:\/\/sohnmontreal.org\/wp-content\/uploads\/2025\/11\/hsj-fdn-1024x729.jpg\" class=\"attachment-large size-large wp-image-10434\" alt=\"\" srcset=\"https:\/\/sohnmontreal.org\/wp-content\/uploads\/2025\/11\/hsj-fdn-1024x729.jpg 1024w, https:\/\/sohnmontreal.org\/wp-content\/uploads\/2025\/11\/hsj-fdn-300x214.jpg 300w, https:\/\/sohnmontreal.org\/wp-content\/uploads\/2025\/11\/hsj-fdn-768x547.jpg 768w, https:\/\/sohnmontreal.org\/wp-content\/uploads\/2025\/11\/hsj-fdn-350x250.jpg 350w, https:\/\/sohnmontreal.org\/wp-content\/uploads\/2025\/11\/hsj-fdn.jpg 1440w\" sizes=\"(max-width: 800px) 100vw, 800px\" \/>\t\t\t\t\t\t\t\t<\/a>\n\t\t\t\t\t\t\t\t\t\t\t\t\t\t\t<\/div>\n\t\t\t\t<\/div>\n\t\t\t\t\t<\/div>\n\t\t<\/div>\n\t\t\t\t\t<\/div>\n\t\t<\/section>\n\t\t\t\t<section class=\"elementor-section elementor-inner-section elementor-element elementor-element-7286f80 elementor-section-height-min-height elementor-hidden-desktop elementor-hidden-tablet elementor-hidden-mobile elementor-section-boxed elementor-section-height-default\" data-id=\"7286f80\" data-element_type=\"section\">\n\t\t\t\t\t\t<div class=\"elementor-container elementor-column-gap-default\">\n\t\t\t\t\t<div class=\"elementor-column elementor-col-100 elementor-inner-column elementor-element elementor-element-981ccb8\" data-id=\"981ccb8\" data-element_type=\"column\" data-settings=\"{&quot;background_background&quot;:&quot;classic&quot;}\">\n\t\t\t<div class=\"elementor-widget-wrap elementor-element-populated\">\n\t\t\t\t\t\t<div class=\"elementor-element elementor-element-958430f elementor-align-center elementor-widget elementor-widget-elementskit-button\" data-id=\"958430f\" data-element_type=\"widget\" data-settings=\"{&quot;ekit_we_effect_on&quot;:&quot;none&quot;}\" data-widget_type=\"elementskit-button.default\">\n\t\t\t\t<div class=\"elementor-widget-container\">\n\t\t\t\t\t<div class=\"ekit-wid-con\" >\t\t<div class=\"ekit-btn-wraper\">\n\t\t\t\t\t\t\t<a href=\"#\" class=\"elementskit-btn xs-btn whitespace--normal\" id=\"\">\n\t\t\t\t\tLearn more<i class=\"icon icon-right-arrow1\"><\/i>\t\t\t\t<\/a>\n\t\t\t\t\t<\/div>\n        <\/div>\t\t\t\t<\/div>\n\t\t\t\t<\/div>\n\t\t\t\t\t<\/div>\n\t\t<\/div>\n\t\t\t\t\t<\/div>\n\t\t<\/section>\n\t\t\t\t\t<\/div>\n\t\t<\/div>\n\t\t\t\t\t<\/div>\n\t\t<\/section>\n\t\t<div class=\"elementor-element elementor-element-6ce8a6a e-flex e-con-boxed e-con e-parent\" data-id=\"6ce8a6a\" data-element_type=\"container\">\n\t\t\t\t\t<div class=\"e-con-inner\">\n\t\t\t\t\t<\/div>\n\t\t\t\t<\/div>\n\t\t\t\t<\/div>\n\t\t\n    <div class=\"xs_social_share_widget xs_share_url after_content \t\tmain_content  wslu-style-1 wslu-share-box-shaped wslu-fill-colored wslu-none wslu-share-horizontal wslu-theme-font-no wslu-main_content\">\n\n\t\t\n        <ul>\n\t\t\t        <\/ul>\n    <\/div> \n","protected":false},"excerpt":{"rendered":"<p>b\u00e9n\u00e9ficiaires B\u00e9n\u00e9ficiaires &nbsp; Tous les b\u00e9n\u00e9fices de Sohn Montr\u00e9al seront revers\u00e9s aux deux h\u00f4pitaux p\u00e9diatriques de la ville, poursuivant ainsi la mission de la Sohn Conference Foundation d&rsquo;appuyer des initiatives novatrices visant \u00e0 am\u00e9liorer les soins aux patients dans le domaine de la sant\u00e9 \u00e0 l&rsquo;\u00e9chelle mondiale. La Fondation de l&rsquo;H\u00f4pital de Montr\u00e9al pour enfants [&hellip;]<\/p>\n","protected":false},"author":1,"featured_media":0,"parent":0,"menu_order":0,"comment_status":"closed","ping_status":"closed","template":"template\/full-width-template.php","meta":{"_acf_changed":false,"_themeisle_gutenberg_block_has_review":false,"footnotes":""},"class_list":["post-10549","page","type-page","status-publish","hentry"],"acf":[],"_links":{"self":[{"href":"https:\/\/sohnmontreal.org\/fr\/wp-json\/wp\/v2\/pages\/10549","targetHints":{"allow":["GET"]}}],"collection":[{"href":"https:\/\/sohnmontreal.org\/fr\/wp-json\/wp\/v2\/pages"}],"about":[{"href":"https:\/\/sohnmontreal.org\/fr\/wp-json\/wp\/v2\/types\/page"}],"author":[{"embeddable":true,"href":"https:\/\/sohnmontreal.org\/fr\/wp-json\/wp\/v2\/users\/1"}],"replies":[{"embeddable":true,"href":"https:\/\/sohnmontreal.org\/fr\/wp-json\/wp\/v2\/comments?post=10549"}],"version-history":[{"count":4,"href":"https:\/\/sohnmontreal.org\/fr\/wp-json\/wp\/v2\/pages\/10549\/revisions"}],"predecessor-version":[{"id":10596,"href":"https:\/\/sohnmontreal.org\/fr\/wp-json\/wp\/v2\/pages\/10549\/revisions\/10596"}],"wp:attachment":[{"href":"https:\/\/sohnmontreal.org\/fr\/wp-json\/wp\/v2\/media?parent=10549"}],"curies":[{"name":"wp","href":"https:\/\/api.w.org\/{rel}","templated":true}]}}